{"id":8,"date":"2013-01-08T14:19:28","date_gmt":"2013-01-08T12:19:28","guid":{"rendered":"http:\/\/hjartesaker.de\/?page_id=8"},"modified":"2013-07-07T21:52:34","modified_gmt":"2013-07-07T19:52:34","slug":"uber-mich","status":"publish","type":"page","link":"https:\/\/hjartesaker.de\/","title":{"rendered":"V\u00e4lkommen"},"content":{"rendered":"<p>Herzlich Willkommen auf meiner Seite. Hier gibt&#8217;s einiges zum St\u00f6bern, Lesen, Ausprobieren&#8230;<\/p>\n<p>Ich freue mich riesig \u00fcber jeden einzelnen Besuch und \u00fcber Eure netten Kommentare. Schreibt mir gerne eine Zeile oder zwei, wenn Ihr hier vorbeischaut! R\u00fcckmeldungen zu ausprobierten Rezepten f\u00e4nd&#8216; ich auch super, ebenso wie kreative Ideen, die Ihr hier mit anderen teilen m\u00f6gt.<\/p>\n<p><a title=\"Mein Blog\" href=\"http:\/\/hjartesaker.de\/?page_id=10\">Zum BLOG<\/a><\/p>\n<p><em>Tack f\u00f6r bes\u00f6ket och v\u00e4lkommen \u00e5ter!!<\/em><\/p>\n<p>&nbsp;<\/p>\n","protected":false},"excerpt":{"rendered":"<p>Herzlich Willkommen auf meiner Seite. Hier gibt&#8217;s einiges zum St\u00f6bern, Lesen, Ausprobieren&#8230; Ich freue mich riesig \u00fcber jeden einzelnen Besuch und \u00fcber Eure netten Kommentare. Schreibt mir gerne eine Zeile oder zwei, wenn Ihr hier vorbeischaut! R\u00fcckmeldungen zu ausprobierten Rezepten f\u00e4nd&#8216; ich auch super, ebenso wie kreative Ideen, die Ihr hier mit anderen teilen m\u00f6gt. [&hellip;]<\/p>\n","protected":false},"author":1,"featured_media":0,"parent":0,"menu_order":0,"comment_status":"open","ping_status":"open","template":"","meta":[],"_links":{"self":[{"href":"https:\/\/hjartesaker.de\/index.php?rest_route=\/wp\/v2\/pages\/8"}],"collection":[{"href":"https:\/\/hjartesaker.de\/index.php?rest_route=\/wp\/v2\/pages"}],"about":[{"href":"https:\/\/hjartesaker.de\/index.php?rest_route=\/wp\/v2\/types\/page"}],"author":[{"embeddable":true,"href":"https:\/\/hjartesaker.de\/index.php?rest_route=\/wp\/v2\/users\/1"}],"replies":[{"embeddable":true,"href":"https:\/\/hjartesaker.de\/index.php?rest_route=%2Fwp%2Fv2%2Fcomments&post=8"}],"version-history":[{"count":9,"href":"https:\/\/hjartesaker.de\/index.php?rest_route=\/wp\/v2\/pages\/8\/revisions"}],"predecessor-version":[{"id":1090,"href":"https:\/\/hjartesaker.de\/index.php?rest_route=\/wp\/v2\/pages\/8\/revisions\/1090"}],"wp:attachment":[{"href":"https:\/\/hjartesaker.de\/index.php?rest_route=%2Fwp%2Fv2%2Fmedia&parent=8"}],"curies":[{"name":"wp","href":"https:\/\/api.w.org\/{rel}","templated":true}]}}