{"id":351,"date":"2013-02-01T19:05:01","date_gmt":"2013-02-01T18:05:01","guid":{"rendered":"http:\/\/hjartesaker.de\/?page_id=351"},"modified":"2014-01-05T21:26:55","modified_gmt":"2014-01-05T20:26:55","slug":"uber-mich-2","status":"publish","type":"page","link":"https:\/\/hjartesaker.de\/?page_id=351","title":{"rendered":"\u00dcber mich"},"content":{"rendered":"<p>Also, ich bin die Amelie&#8230;<br \/>\nIch arbeite im sozialen Bereich und besch\u00e4ftige mich in meiner Freizeit gerne mit kreativen Dingen und Musik und ich liebe es, mit anderen Menschen zusammen zu sein. Meine Wurzeln sind z.T. deutsch, z.T. schwedisch, das werdet Ihr an den Artikeln noch merken.<\/p>\n<p>Hj\u00e4rtesaker &#8211; das ist schwedisch und bedeutet so viel wie Herzensangelegenheiten oder Herzensdinge. Es geht dabei um Dinge, die ich gerne tue, mit denen ich mich gerne besch\u00e4ftige. &#8211; Dinge, die mich gl\u00fccklich machen. An diesen Dingen m\u00f6chte ich Euch teilhaben lassen.<\/p>\n<p>Nachdem ich immer wieder von Freunden und Kollegen um Rezepte, Anleitungen oder Bilder gebeten wurde, habe ich beschlossen, einen Blog zu starten, in dem ich meine &#8222;Herzensdinge&#8220; mit Euch teile. Hier findet Ihr Anregungen, Anleitungen und Gedanken &#8211; nicht nur von mir, sondern zwischendurch auch von FreundInnen, die sich ebenfalls gern kreativ bet\u00e4tigen und wundersch\u00f6ne Dinge herstellen.<\/p>\n<p>Viel Spa\u00df!<\/p>\n<p><a title=\"Mein Blog\" href=\"http:\/\/hjartesaker.de\/?page_id=10\">Zum BLOG<\/a><\/p>\n<p><a href=\"http:\/\/hjartesaker.de\/wp-content\/uploads\/2013\/02\/29112013346.jpg\"><img decoding=\"async\" loading=\"lazy\" class=\"alignnone size-medium wp-image-1529\" alt=\"passion\" src=\"http:\/\/hjartesaker.de\/wp-content\/uploads\/2013\/02\/29112013346-225x300.jpg\" width=\"225\" height=\"300\" srcset=\"https:\/\/hjartesaker.de\/wp-content\/uploads\/2013\/02\/29112013346-225x300.jpg 225w, https:\/\/hjartesaker.de\/wp-content\/uploads\/2013\/02\/29112013346.jpg 600w\" sizes=\"(max-width: 225px) 100vw, 225px\" \/><\/a><\/p>\n","protected":false},"excerpt":{"rendered":"<p>Also, ich bin die Amelie&#8230; Ich arbeite im sozialen Bereich und besch\u00e4ftige mich in meiner Freizeit gerne mit kreativen Dingen und Musik und ich liebe es, mit anderen Menschen zusammen zu sein. Meine Wurzeln sind z.T. deutsch, z.T. schwedisch, das werdet Ihr an den Artikeln noch merken. Hj\u00e4rtesaker &#8211; das ist schwedisch und bedeutet so [&hellip;]<\/p>\n","protected":false},"author":1,"featured_media":0,"parent":0,"menu_order":2,"comment_status":"open","ping_status":"open","template":"","meta":[],"_links":{"self":[{"href":"https:\/\/hjartesaker.de\/index.php?rest_route=\/wp\/v2\/pages\/351"}],"collection":[{"href":"https:\/\/hjartesaker.de\/index.php?rest_route=\/wp\/v2\/pages"}],"about":[{"href":"https:\/\/hjartesaker.de\/index.php?rest_route=\/wp\/v2\/types\/page"}],"author":[{"embeddable":true,"href":"https:\/\/hjartesaker.de\/index.php?rest_route=\/wp\/v2\/users\/1"}],"replies":[{"embeddable":true,"href":"https:\/\/hjartesaker.de\/index.php?rest_route=%2Fwp%2Fv2%2Fcomments&post=351"}],"version-history":[{"count":7,"href":"https:\/\/hjartesaker.de\/index.php?rest_route=\/wp\/v2\/pages\/351\/revisions"}],"predecessor-version":[{"id":1531,"href":"https:\/\/hjartesaker.de\/index.php?rest_route=\/wp\/v2\/pages\/351\/revisions\/1531"}],"wp:attachment":[{"href":"https:\/\/hjartesaker.de\/index.php?rest_route=%2Fwp%2Fv2%2Fmedia&parent=351"}],"curies":[{"name":"wp","href":"https:\/\/api.w.org\/{rel}","templated":true}]}}